{"id":335,"date":"2018-01-22T15:09:43","date_gmt":"2018-01-22T19:09:43","guid":{"rendered":"http:\/\/alcaldiayaguate.gob.do\/transparencia\/?page_id=335"},"modified":"2018-05-25T00:46:23","modified_gmt":"2018-05-25T04:46:23","slug":"lista-de-proveedores","status":"publish","type":"page","link":"https:\/\/ayuntamientoyaguate.gob.do\/transparencia\/lista-de-proveedores\/","title":{"rendered":"Lista de proveedores"},"content":{"rendered":"<p><span style=\"font-size: 14pt\">En cumplimiento con las disposiciones de la\u00a0<strong>Ley 340-06<\/strong>\u00a0sobre <strong>Compras y Contrataciones<\/strong>, la Alcald\u00eda de Yaguate, utiliza \u00fanica y exclusivamente los proveedores calificados por la <strong>Direcci\u00f3n General de Contrataciones P\u00fablicas<\/strong>, a trav\u00e9s del <strong>Registro de Proveedores del Estado (RPE).<\/strong><\/span><\/p>\n<p><span style=\"font-size: 14pt\">Para consultar los <strong>Proveedores<\/strong> <strong>(RPE)<\/strong> Calificados de ofrecer bienes y servicios, favor consultar el siguiente enlace:<\/span><\/p>\n<p><a href=\"https:\/\/acceso.comprasdominicana.gov.do\/compras\/proveedores\/consulta\/consulta.jsp\">https:\/\/acceso.comprasdominicana.gov.do\/compras\/proveedores\/consulta\/consulta.jsp<\/a><\/p>\n","protected":false},"excerpt":{"rendered":"En cumplimiento con las disposiciones de la\u00a0Ley 340-06\u00a0sobre Compras y Contrataciones, la Alcald\u00eda de Yaguate, utiliza \u00fanica y exclusivamente los proveedores calificados por la Direcci\u00f3n General de Contrataciones P\u00fablicas, a trav\u00e9s del Registro de Proveedores del Estado (RPE). Para consultar los Proveedores (RPE) Calificados de ofrecer bienes y servicios, favor consultar el siguiente enlace: https:\/\/acceso.comprasdominicana.gov.do\/compras\/proveedores\/consulta\/consulta.jsp","protected":false},"author":3,"featured_media":0,"parent":0,"menu_order":0,"comment_status":"closed","ping_status":"closed","template":"","meta":[],"acf":[],"_links":{"self":[{"href":"https:\/\/ayuntamientoyaguate.gob.do\/transparencia\/wp-json\/wp\/v2\/pages\/335"}],"collection":[{"href":"https:\/\/ayuntamientoyaguate.gob.do\/transparencia\/wp-json\/wp\/v2\/pages"}],"about":[{"href":"https:\/\/ayuntamientoyaguate.gob.do\/transparencia\/wp-json\/wp\/v2\/types\/page"}],"author":[{"embeddable":true,"href":"https:\/\/ayuntamientoyaguate.gob.do\/transparencia\/wp-json\/wp\/v2\/users\/3"}],"replies":[{"embeddable":true,"href":"https:\/\/ayuntamientoyaguate.gob.do\/transparencia\/wp-json\/wp\/v2\/comments?post=335"}],"version-history":[{"count":7,"href":"https:\/\/ayuntamientoyaguate.gob.do\/transparencia\/wp-json\/wp\/v2\/pages\/335\/revisions"}],"predecessor-version":[{"id":478,"href":"https:\/\/ayuntamientoyaguate.gob.do\/transparencia\/wp-json\/wp\/v2\/pages\/335\/revisions\/478"}],"wp:attachment":[{"href":"https:\/\/ayuntamientoyaguate.gob.do\/transparencia\/wp-json\/wp\/v2\/media?parent=335"}],"curies":[{"name":"wp","href":"https:\/\/api.w.org\/{rel}","templated":true}]}}